{"id":12075,"date":"2020-06-22T15:27:00","date_gmt":"2020-06-22T14:27:00","guid":{"rendered":"https:\/\/fishinginwales.goodformtest.co.uk\/beginners-guide\/cael-pysgota-sut-i-fynd-i-bysgota-bras\/"},"modified":"2020-06-22T15:41:17","modified_gmt":"2020-06-22T14:41:17","slug":"cael-pysgota-sut-i-fynd-i-bysgota-bras","status":"publish","type":"page","link":"https:\/\/fishing-in-wales-staging.barques.dev\/cy\/beginners-guide\/cael-pysgota-sut-i-fynd-i-bysgota-bras\/","title":{"rendered":"Cael pysgota-sut i fynd i bysgota bras"},"content":{"rendered":"\n<p>Pysgota bras yw un o&#8217;r mathau mwyaf cyffredin o bysgota yng Nghymru. Yn y math yma o bysgota rydych chi&#8217;n ceisio dal pysgod mewn d\u0175r croyw yn hytrach na&#8217;r m\u00f4r, ac mae&#8217;r pysgod yn cael eu dychwelyd i&#8217;r d\u0175r yn lle mynd \u00e2 nhw am fwyd.<\/p>\n","protected":false},"excerpt":{"rendered":"<p>Pysgota bras yw un o&#8217;r mathau mwyaf cyffredin o bysgota yng Nghymru. Yn y math yma o bysgota rydych chi&#8217;n &#8230;<\/p>\n","protected":false},"author":1,"featured_media":2059,"parent":607,"menu_order":0,"comment_status":"closed","ping_status":"closed","template":"","meta":[],"yoast_head":"<!-- This site is optimized with the Yoast SEO plugin v16.7 - https:\/\/yoast.com\/wordpress\/plugins\/seo\/ -->\n<title>Cael pysgota-sut i fynd i bysgota bras - Fishing in Wales<\/title>\n<meta name=\"robots\" content=\"noindex, follow, max-snippet:-1, max-image-preview:large, max-video-preview:-1\" \/>\n<meta property=\"og:locale\" content=\"cy_GB\" \/>\n<meta property=\"og:type\" content=\"article\" \/>\n<meta property=\"og:title\" content=\"Cael pysgota-sut i fynd i bysgota bras - Fishing in Wales\" \/>\n<meta property=\"og:description\" content=\"Pysgota bras yw un o&#8217;r mathau mwyaf cyffredin o bysgota yng Nghymru. Yn y math yma o bysgota rydych chi&#8217;n ...\" \/>\n<meta property=\"og:url\" content=\"https:\/\/fishinginwales.goodformtest.co.uk\/cy\/beginners-guide\/cael-pysgota-sut-i-fynd-i-bysgota-bras\/\" \/>\n<meta property=\"og:site_name\" content=\"Fishing in Wales\" \/>\n<meta property=\"article:modified_time\" content=\"2020-06-22T14:41:17+00:00\" \/>\n<meta property=\"og:image\" content=\"https:\/\/fishinginwales.goodformtest.co.uk\/wp-content\/uploads\/2020\/03\/Coarse-fishing-Image-Adam-Fisher.jpeg\" \/>\n\t<meta property=\"og:image:width\" content=\"1279\" \/>\n\t<meta property=\"og:image:height\" content=\"1085\" \/>\n<meta name=\"twitter:card\" content=\"summary_large_image\" \/>\n<script type=\"application\/ld+json\" class=\"yoast-schema-graph\">{\"@context\":\"https:\/\/schema.org\",\"@graph\":[{\"@type\":\"WebSite\",\"@id\":\"https:\/\/fishing-in-wales-staging.barques.dev\/#website\",\"url\":\"https:\/\/fishing-in-wales-staging.barques.dev\/\",\"name\":\"Fishing in Wales\",\"description\":\"Just another WordPress site\",\"potentialAction\":[{\"@type\":\"SearchAction\",\"target\":{\"@type\":\"EntryPoint\",\"urlTemplate\":\"https:\/\/fishing-in-wales-staging.barques.dev\/?s={search_term_string}\"},\"query-input\":\"required name=search_term_string\"}],\"inLanguage\":\"cy-GB\"},{\"@type\":\"ImageObject\",\"@id\":\"https:\/\/fishinginwales.goodformtest.co.uk\/cy\/beginners-guide\/cael-pysgota-sut-i-fynd-i-bysgota-bras\/#primaryimage\",\"inLanguage\":\"cy-GB\",\"url\":\"https:\/\/fishing-in-wales-staging.barques.dev\/wp-content\/uploads\/2020\/03\/Coarse-fishing-Image-Adam-Fisher.jpeg\",\"contentUrl\":\"https:\/\/fishing-in-wales-staging.barques.dev\/wp-content\/uploads\/2020\/03\/Coarse-fishing-Image-Adam-Fisher.jpeg\",\"width\":1279,\"height\":1085},{\"@type\":\"WebPage\",\"@id\":\"https:\/\/fishinginwales.goodformtest.co.uk\/cy\/beginners-guide\/cael-pysgota-sut-i-fynd-i-bysgota-bras\/#webpage\",\"url\":\"https:\/\/fishinginwales.goodformtest.co.uk\/cy\/beginners-guide\/cael-pysgota-sut-i-fynd-i-bysgota-bras\/\",\"name\":\"Cael pysgota-sut i fynd i bysgota bras - Fishing in Wales\",\"isPartOf\":{\"@id\":\"https:\/\/fishing-in-wales-staging.barques.dev\/#website\"},\"primaryImageOfPage\":{\"@id\":\"https:\/\/fishinginwales.goodformtest.co.uk\/cy\/beginners-guide\/cael-pysgota-sut-i-fynd-i-bysgota-bras\/#primaryimage\"},\"datePublished\":\"2020-06-22T14:27:00+00:00\",\"dateModified\":\"2020-06-22T14:41:17+00:00\",\"breadcrumb\":{\"@id\":\"https:\/\/fishinginwales.goodformtest.co.uk\/cy\/beginners-guide\/cael-pysgota-sut-i-fynd-i-bysgota-bras\/#breadcrumb\"},\"inLanguage\":\"cy-GB\",\"potentialAction\":[{\"@type\":\"ReadAction\",\"target\":[\"https:\/\/fishinginwales.goodformtest.co.uk\/cy\/beginners-guide\/cael-pysgota-sut-i-fynd-i-bysgota-bras\/\"]}]},{\"@type\":\"BreadcrumbList\",\"@id\":\"https:\/\/fishinginwales.goodformtest.co.uk\/cy\/beginners-guide\/cael-pysgota-sut-i-fynd-i-bysgota-bras\/#breadcrumb\",\"itemListElement\":[{\"@type\":\"ListItem\",\"position\":1,\"name\":\"Home\",\"item\":\"https:\/\/fishing-in-wales-staging.barques.dev\/cy\/\"},{\"@type\":\"ListItem\",\"position\":2,\"name\":\"Canllawiau i ddechreuwyr\",\"item\":\"https:\/\/fishing-in-wales-staging.barques.dev\/cy\/beginners-guide\/\"},{\"@type\":\"ListItem\",\"position\":3,\"name\":\"Cael pysgota-sut i fynd i bysgota bras\"}]}]}<\/script>\n<!-- \/ Yoast SEO plugin. -->","yoast_head_json":{"title":"Cael pysgota-sut i fynd i bysgota bras - Fishing in Wales","robots":{"index":"noindex","follow":"follow","max-snippet":"max-snippet:-1","max-image-preview":"max-image-preview:large","max-video-preview":"max-video-preview:-1"},"og_locale":"cy_GB","og_type":"article","og_title":"Cael pysgota-sut i fynd i bysgota bras - Fishing in Wales","og_description":"Pysgota bras yw un o&#8217;r mathau mwyaf cyffredin o bysgota yng Nghymru. Yn y math yma o bysgota rydych chi&#8217;n ...","og_url":"https:\/\/fishinginwales.goodformtest.co.uk\/cy\/beginners-guide\/cael-pysgota-sut-i-fynd-i-bysgota-bras\/","og_site_name":"Fishing in Wales","article_modified_time":"2020-06-22T14:41:17+00:00","og_image":[{"width":1279,"height":1085,"url":"https:\/\/fishinginwales.goodformtest.co.uk\/wp-content\/uploads\/2020\/03\/Coarse-fishing-Image-Adam-Fisher.jpeg","path":"\/home\/fishinginwalesba\/public_html\/wp-content\/uploads\/2020\/03\/Coarse-fishing-Image-Adam-Fisher.jpeg","size":"full","id":"2059","alt":"","pixels":1387715,"type":"image\/jpeg"}],"twitter_card":"summary_large_image","schema":{"@context":"https:\/\/schema.org","@graph":[{"@type":"WebSite","@id":"https:\/\/fishing-in-wales-staging.barques.dev\/#website","url":"https:\/\/fishing-in-wales-staging.barques.dev\/","name":"Fishing in Wales","description":"Just another WordPress site","potentialAction":[{"@type":"SearchAction","target":{"@type":"EntryPoint","urlTemplate":"https:\/\/fishing-in-wales-staging.barques.dev\/?s={search_term_string}"},"query-input":"required name=search_term_string"}],"inLanguage":"cy-GB"},{"@type":"ImageObject","@id":"https:\/\/fishinginwales.goodformtest.co.uk\/cy\/beginners-guide\/cael-pysgota-sut-i-fynd-i-bysgota-bras\/#primaryimage","inLanguage":"cy-GB","url":"https:\/\/fishing-in-wales-staging.barques.dev\/wp-content\/uploads\/2020\/03\/Coarse-fishing-Image-Adam-Fisher.jpeg","contentUrl":"https:\/\/fishing-in-wales-staging.barques.dev\/wp-content\/uploads\/2020\/03\/Coarse-fishing-Image-Adam-Fisher.jpeg","width":1279,"height":1085},{"@type":"WebPage","@id":"https:\/\/fishinginwales.goodformtest.co.uk\/cy\/beginners-guide\/cael-pysgota-sut-i-fynd-i-bysgota-bras\/#webpage","url":"https:\/\/fishinginwales.goodformtest.co.uk\/cy\/beginners-guide\/cael-pysgota-sut-i-fynd-i-bysgota-bras\/","name":"Cael pysgota-sut i fynd i bysgota bras - Fishing in Wales","isPartOf":{"@id":"https:\/\/fishing-in-wales-staging.barques.dev\/#website"},"primaryImageOfPage":{"@id":"https:\/\/fishinginwales.goodformtest.co.uk\/cy\/beginners-guide\/cael-pysgota-sut-i-fynd-i-bysgota-bras\/#primaryimage"},"datePublished":"2020-06-22T14:27:00+00:00","dateModified":"2020-06-22T14:41:17+00:00","breadcrumb":{"@id":"https:\/\/fishinginwales.goodformtest.co.uk\/cy\/beginners-guide\/cael-pysgota-sut-i-fynd-i-bysgota-bras\/#breadcrumb"},"inLanguage":"cy-GB","potentialAction":[{"@type":"ReadAction","target":["https:\/\/fishinginwales.goodformtest.co.uk\/cy\/beginners-guide\/cael-pysgota-sut-i-fynd-i-bysgota-bras\/"]}]},{"@type":"BreadcrumbList","@id":"https:\/\/fishinginwales.goodformtest.co.uk\/cy\/beginners-guide\/cael-pysgota-sut-i-fynd-i-bysgota-bras\/#breadcrumb","itemListElement":[{"@type":"ListItem","position":1,"name":"Home","item":"https:\/\/fishing-in-wales-staging.barques.dev\/cy\/"},{"@type":"ListItem","position":2,"name":"Canllawiau i ddechreuwyr","item":"https:\/\/fishing-in-wales-staging.barques.dev\/cy\/beginners-guide\/"},{"@type":"ListItem","position":3,"name":"Cael pysgota-sut i fynd i bysgota bras"}]}]}},"_links":{"self":[{"href":"https:\/\/fishing-in-wales-staging.barques.dev\/cy\/wp-json\/wp\/v2\/pages\/12075"}],"collection":[{"href":"https:\/\/fishing-in-wales-staging.barques.dev\/cy\/wp-json\/wp\/v2\/pages"}],"about":[{"href":"https:\/\/fishing-in-wales-staging.barques.dev\/cy\/wp-json\/wp\/v2\/types\/page"}],"author":[{"embeddable":true,"href":"https:\/\/fishing-in-wales-staging.barques.dev\/cy\/wp-json\/wp\/v2\/users\/1"}],"replies":[{"embeddable":true,"href":"https:\/\/fishing-in-wales-staging.barques.dev\/cy\/wp-json\/wp\/v2\/comments?post=12075"}],"version-history":[{"count":3,"href":"https:\/\/fishing-in-wales-staging.barques.dev\/cy\/wp-json\/wp\/v2\/pages\/12075\/revisions"}],"predecessor-version":[{"id":12109,"href":"https:\/\/fishing-in-wales-staging.barques.dev\/cy\/wp-json\/wp\/v2\/pages\/12075\/revisions\/12109"}],"up":[{"embeddable":true,"href":"https:\/\/fishing-in-wales-staging.barques.dev\/cy\/wp-json\/wp\/v2\/pages\/607"}],"wp:featuredmedia":[{"embeddable":true,"href":"https:\/\/fishing-in-wales-staging.barques.dev\/cy\/wp-json\/wp\/v2\/media\/2059"}],"wp:attachment":[{"href":"https:\/\/fishing-in-wales-staging.barques.dev\/cy\/wp-json\/wp\/v2\/media?parent=12075"}],"curies":[{"name":"wp","href":"https:\/\/api.w.org\/{rel}","templated":true}]}}